{"id":3653,"date":"2024-06-07T19:17:34","date_gmt":"2024-06-07T19:17:34","guid":{"rendered":"https:\/\/ecmikepro.ca\/?page_id=3653"},"modified":"2024-06-07T20:21:44","modified_gmt":"2024-06-07T20:21:44","slug":"faq","status":"publish","type":"page","link":"https:\/\/ecmikepro.ca\/fr\/faq\/","title":{"rendered":"FAQ"},"content":{"rendered":"<div data-elementor-type=\"wp-page\" data-elementor-id=\"3653\" class=\"elementor elementor-3653\">\n\t\t\t\t<div class=\"elementor-element elementor-element-3f08637c e-flex e-con-boxed e-con e-parent\" data-id=\"3f08637c\" data-element_type=\"container\" data-e-type=\"container\">\r\n\t\t\t\t\t<div class=\"e-con-inner\">\r\n\t\t\t\t<div class=\"elementor-element elementor-element-7d7176f0 elementor-widget elementor-widget-text-editor\" data-id=\"7d7176f0\" data-element_type=\"widget\" data-e-type=\"widget\" data-widget_type=\"text-editor.default\">\n\t\t\t\t<div class=\"elementor-widget-container\">\n\t\t\t\t\t\t\t\t\t\n<p>This is an example page.<\/p>\n\n<blockquote class=\"wp-block-quote is-layout-flow wp-block-quote-is-layout-flow\">\n<p>Lorem ipsum dolor sit amet, consectetur adipiscing elit. Phasellus interdum erat at erat consectetur, non pharetra erat volutpat. Sed aliquet lorem at sapien scelerisque, in dignissim justo convallis. Nullam tempor turpis in orci facilisis, nec pharetra nunc ultrices.<\/p>\n<\/blockquote>\n\n<p>&#8230;or something like this:<\/p>\n\n<blockquote class=\"wp-block-quote is-layout-flow wp-block-quote-is-layout-flow\">\n<p>Lorem ipsum dolor sit amet, consectetur adipiscing elit. Phasellus interdum erat at erat consectetur, non pharetra erat volutpat. Sed aliquet lorem at sapien scelerisque, in dignissim justo convallis. Nullam tempor turpis in orci facilisis, nec pharetra nunc ultrices.<\/p>\n<\/blockquote>\n\t\t\t\t\t\t\t\t<\/div>\n\t\t\t\t<\/div>\n\t\t\t\t\t<\/div>\n\t\t\t\t<\/div>\n\t\t<div class=\"elementor-element elementor-element-d4c12ca e-flex e-con-boxed e-con e-parent\" data-id=\"d4c12ca\" data-element_type=\"container\" data-e-type=\"container\">\r\n\t\t\t\t\t<div class=\"e-con-inner\">\r\n\t\t\t\t<div class=\"elementor-element elementor-element-c1be0be elementor-widget elementor-widget-text-editor\" data-id=\"c1be0be\" data-element_type=\"widget\" data-e-type=\"widget\" data-widget_type=\"text-editor.default\">\n\t\t\t\t<div class=\"elementor-widget-container\">\n\t\t\t\t\t\t\t\t\t<h1>For additional questions fill the contact form<\/h1>\t\t\t\t\t\t\t\t<\/div>\n\t\t\t\t<\/div>\n\t\t\t\t\t<\/div>\n\t\t\t\t<\/div>\n\t\t<div class=\"elementor-element elementor-element-5310496 e-flex e-con-boxed e-con e-parent\" data-id=\"5310496\" data-element_type=\"container\" data-e-type=\"container\">\r\n\t\t\t\t\t<div class=\"e-con-inner\">\r\n\t\t\t\t<div class=\"elementor-element elementor-element-1b01815 elementor-widget elementor-widget-porto_contact_form\" data-id=\"1b01815\" data-element_type=\"widget\" data-e-type=\"widget\" data-widget_type=\"porto_contact_form.default\">\n\t\t\t\t<div class=\"elementor-widget-container\">\n\t\t\t\t\t\n<div class=\"wpcf7 no-js\" id=\"wpcf7-f133-o1\" lang=\"en-US\" dir=\"ltr\" data-wpcf7-id=\"133\">\n<div class=\"screen-reader-response\"><p role=\"status\" aria-live=\"polite\" aria-atomic=\"true\"><\/p> <ul><\/ul><\/div>\n<form action=\"\/fr\/wp-json\/wp\/v2\/pages\/3653#wpcf7-f133-o1\" method=\"post\" class=\"wpcf7-form init\" aria-label=\"Contact form\" novalidate=\"novalidate\" data-status=\"init\" data-trp-original-action=\"\/fr\/wp-json\/wp\/v2\/pages\/3653#wpcf7-f133-o1\">\n<fieldset class=\"hidden-fields-container\"><input type=\"hidden\" name=\"_wpcf7\" value=\"133\" \/><input type=\"hidden\" name=\"_wpcf7_version\" value=\"6.1.5\" \/><input type=\"hidden\" name=\"_wpcf7_locale\" value=\"en_US\" \/><input type=\"hidden\" name=\"_wpcf7_unit_tag\" value=\"wpcf7-f133-o1\" \/><input type=\"hidden\" name=\"_wpcf7_container_post\" value=\"0\" \/><input type=\"hidden\" name=\"_wpcf7_posted_data_hash\" value=\"\" \/>\n<\/fieldset>\n<div class=\"row row-gutter-sm\">\n     <div class=\"form-group col-lg-6 mb-4\">\n          <span class=\"wpcf7-form-control-wrap\" data-name=\"text-103\"><input size=\"40\" maxlength=\"400\" class=\"wpcf7-form-control wpcf7-text wpcf7-validates-as-required form-control\" aria-required=\"true\" aria-invalid=\"false\" placeholder=\"Pr\u00e9nom, nom de famille\" value=\"\" type=\"text\" name=\"text-103\" \/><\/span>\n     <\/div>\n     <div class=\"form-group col-lg-6 mb-4\">\n          <span class=\"wpcf7-form-control-wrap\" data-name=\"email-789\"><input size=\"40\" maxlength=\"400\" class=\"wpcf7-form-control wpcf7-email wpcf7-validates-as-required wpcf7-text wpcf7-validates-as-email form-control\" aria-required=\"true\" aria-invalid=\"false\" placeholder=\"Courriel\" value=\"\" type=\"email\" name=\"email-789\" \/><\/span> \n     <\/div>\n<\/div>\n<div class=\"row row-gutter-sm\">\n     <div class=\"form-group col-lg-6 mb-4\">\n          <span class=\"wpcf7-form-control-wrap\" data-name=\"number-122\"><input class=\"wpcf7-form-control wpcf7-number wpcf7-validates-as-required wpcf7-validates-as-number form-control\" aria-required=\"true\" aria-invalid=\"false\" placeholder=\"Num\u00e9ro de t\u00e9l\u00e9phone\" value=\"\" type=\"number\" name=\"number-122\" \/><\/span>\n     <\/div>\n     <div class=\"form-group col-lg-6 mb-4\">\n          <span class=\"wpcf7-form-control-wrap\" data-name=\"text-104\"><input size=\"40\" maxlength=\"400\" class=\"wpcf7-form-control wpcf7-text wpcf7-validates-as-required form-control\" aria-required=\"true\" aria-invalid=\"false\" placeholder=\"Sujet\" value=\"\" type=\"text\" name=\"text-104\" \/><\/span>\n     <\/div>\n<\/div>\n<div class=\"row\">\n     <div class=\"form-group col mb-4\">\n          <span class=\"wpcf7-form-control-wrap\" data-name=\"textarea-417\"><textarea cols=\"40\" rows=\"10\" maxlength=\"2000\" class=\"wpcf7-form-control wpcf7-textarea wpcf7-validates-as-required form-control\" aria-required=\"true\" aria-invalid=\"false\" placeholder=\"Votre message\" name=\"textarea-417\"><\/textarea><\/span>   \n     <\/div>\n<\/div>\n<div class=\"row\">\n     <div class=\"form-group col mb-0\">\n          <input class=\"wpcf7-form-control wpcf7-submit has-spinner btn btn-secondary font-weight-bold mt-4 mb-2\" type=\"submit\" value=\"ENVOYER UN MESSAGE\" \/>\n     <\/div>\n<\/div><div class=\"wpcf7-response-output\" aria-hidden=\"true\"><\/div>\n<input type=\"hidden\" name=\"trp-form-language\" value=\"fr\"\/><\/form>\n<\/div>\n\t\t\t\t<\/div>\n\t\t\t\t<\/div>\n\t\t\t\t\t<\/div>\n\t\t\t\t<\/div>\n\t\t\t\t<\/div>","protected":false},"excerpt":{"rendered":"<p>This is an example page. Lorem ipsum dolor sit amet, consectetur adipiscing elit. Phasellus interdum erat at erat consectetur, non pharetra erat volutpat. Sed aliquet lorem at sapien scelerisque, in dignissim justo convallis. Nullam tempor turpis in orci facilisis, nec pharetra nunc ultrices. &#8230;or something like this: Lorem ipsum dolor sit amet, consectetur adipiscing elit. [&hellip;]<\/p>\n","protected":false},"author":2,"featured_media":0,"parent":0,"menu_order":0,"comment_status":"closed","ping_status":"open","template":"","meta":{"_acf_changed":false,"nf_dc_page":"","om_disable_all_campaigns":false,"footnotes":""},"class_list":["post-3653","page","type-page","status-publish","hentry"],"acf":[],"yoast_head":"<!-- This site is optimized with the Yoast SEO plugin v27.5 - https:\/\/yoast.com\/product\/yoast-seo-wordpress\/ -->\n<title>FAQ - ecmikepro.ca<\/title>\n<meta name=\"robots\" content=\"index, follow, max-snippet:-1, max-image-preview:large, max-video-preview:-1\" \/>\n<link rel=\"canonical\" href=\"https:\/\/ecmikepro.ca\/fr\/faq\/\" \/>\n<meta property=\"og:locale\" content=\"fr_CA\" \/>\n<meta property=\"og:type\" content=\"article\" \/>\n<meta property=\"og:title\" content=\"FAQ - ecmikepro.ca\" \/>\n<meta property=\"og:description\" content=\"This is an example page. Lorem ipsum dolor sit amet, consectetur adipiscing elit. Phasellus interdum erat at erat consectetur, non pharetra erat volutpat. Sed aliquet lorem at sapien scelerisque, in dignissim justo convallis. Nullam tempor turpis in orci facilisis, nec pharetra nunc ultrices. &#8230;or something like this: Lorem ipsum dolor sit amet, consectetur adipiscing elit. [&hellip;]\" \/>\n<meta property=\"og:url\" content=\"https:\/\/ecmikepro.ca\/fr\/faq\/\" \/>\n<meta property=\"og:site_name\" content=\"ecmikepro.ca\" \/>\n<meta property=\"article:modified_time\" content=\"2024-06-07T20:21:44+00:00\" \/>\n<meta name=\"twitter:card\" content=\"summary_large_image\" \/>\n<meta name=\"twitter:label1\" content=\"Estimation du temps de lecture\" \/>\n\t<meta name=\"twitter:data1\" content=\"1 minute\" \/>\n<script type=\"application\/ld+json\" class=\"yoast-schema-graph\">{\"@context\":\"https:\\\/\\\/schema.org\",\"@graph\":[{\"@type\":\"WebPage\",\"@id\":\"https:\\\/\\\/ecmikepro.ca\\\/faq\\\/\",\"url\":\"https:\\\/\\\/ecmikepro.ca\\\/faq\\\/\",\"name\":\"FAQ - ecmikepro.ca\",\"isPartOf\":{\"@id\":\"http:\\\/\\\/byy.lnc.mybluehost.me\\\/#website\"},\"datePublished\":\"2024-06-07T19:17:34+00:00\",\"dateModified\":\"2024-06-07T20:21:44+00:00\",\"breadcrumb\":{\"@id\":\"https:\\\/\\\/ecmikepro.ca\\\/faq\\\/#breadcrumb\"},\"inLanguage\":\"fr-CA\",\"potentialAction\":[{\"@type\":\"ReadAction\",\"target\":[\"https:\\\/\\\/ecmikepro.ca\\\/faq\\\/\"]}]},{\"@type\":\"BreadcrumbList\",\"@id\":\"https:\\\/\\\/ecmikepro.ca\\\/faq\\\/#breadcrumb\",\"itemListElement\":[{\"@type\":\"ListItem\",\"position\":1,\"name\":\"Home\",\"item\":\"https:\\\/\\\/ecmikepro.ca\\\/\"},{\"@type\":\"ListItem\",\"position\":2,\"name\":\"FAQ\"}]},{\"@type\":\"WebSite\",\"@id\":\"http:\\\/\\\/byy.lnc.mybluehost.me\\\/#website\",\"url\":\"http:\\\/\\\/byy.lnc.mybluehost.me\\\/\",\"name\":\"ecmikepro.ca\",\"description\":\"\",\"potentialAction\":[{\"@type\":\"SearchAction\",\"target\":{\"@type\":\"EntryPoint\",\"urlTemplate\":\"http:\\\/\\\/byy.lnc.mybluehost.me\\\/?s={search_term_string}\"},\"query-input\":{\"@type\":\"PropertyValueSpecification\",\"valueRequired\":true,\"valueName\":\"search_term_string\"}}],\"inLanguage\":\"fr-CA\"}]}<\/script>\n<!-- \/ Yoast SEO plugin. -->","yoast_head_json":{"title":"FAQ - ecmikepro.ca","robots":{"index":"index","follow":"follow","max-snippet":"max-snippet:-1","max-image-preview":"max-image-preview:large","max-video-preview":"max-video-preview:-1"},"canonical":"https:\/\/ecmikepro.ca\/fr\/faq\/","og_locale":"fr_CA","og_type":"article","og_title":"FAQ - ecmikepro.ca","og_description":"This is an example page. Lorem ipsum dolor sit amet, consectetur adipiscing elit. Phasellus interdum erat at erat consectetur, non pharetra erat volutpat. Sed aliquet lorem at sapien scelerisque, in dignissim justo convallis. Nullam tempor turpis in orci facilisis, nec pharetra nunc ultrices. &#8230;or something like this: Lorem ipsum dolor sit amet, consectetur adipiscing elit. [&hellip;]","og_url":"https:\/\/ecmikepro.ca\/fr\/faq\/","og_site_name":"ecmikepro.ca","article_modified_time":"2024-06-07T20:21:44+00:00","twitter_card":"summary_large_image","twitter_misc":{"Estimation du temps de lecture":"1 minute"},"schema":{"@context":"https:\/\/schema.org","@graph":[{"@type":"WebPage","@id":"https:\/\/ecmikepro.ca\/faq\/","url":"https:\/\/ecmikepro.ca\/faq\/","name":"FAQ - ecmikepro.ca","isPartOf":{"@id":"http:\/\/byy.lnc.mybluehost.me\/#website"},"datePublished":"2024-06-07T19:17:34+00:00","dateModified":"2024-06-07T20:21:44+00:00","breadcrumb":{"@id":"https:\/\/ecmikepro.ca\/faq\/#breadcrumb"},"inLanguage":"fr-CA","potentialAction":[{"@type":"ReadAction","target":["https:\/\/ecmikepro.ca\/faq\/"]}]},{"@type":"BreadcrumbList","@id":"https:\/\/ecmikepro.ca\/faq\/#breadcrumb","itemListElement":[{"@type":"ListItem","position":1,"name":"Home","item":"https:\/\/ecmikepro.ca\/"},{"@type":"ListItem","position":2,"name":"FAQ"}]},{"@type":"WebSite","@id":"http:\/\/byy.lnc.mybluehost.me\/#website","url":"http:\/\/byy.lnc.mybluehost.me\/","name":"ecmikepro.ca","description":"","potentialAction":[{"@type":"SearchAction","target":{"@type":"EntryPoint","urlTemplate":"http:\/\/byy.lnc.mybluehost.me\/?s={search_term_string}"},"query-input":{"@type":"PropertyValueSpecification","valueRequired":true,"valueName":"search_term_string"}}],"inLanguage":"fr-CA"}]}},"_links":{"self":[{"href":"https:\/\/ecmikepro.ca\/fr\/wp-json\/wp\/v2\/pages\/3653","targetHints":{"allow":["GET"]}}],"collection":[{"href":"https:\/\/ecmikepro.ca\/fr\/wp-json\/wp\/v2\/pages"}],"about":[{"href":"https:\/\/ecmikepro.ca\/fr\/wp-json\/wp\/v2\/types\/page"}],"author":[{"embeddable":true,"href":"https:\/\/ecmikepro.ca\/fr\/wp-json\/wp\/v2\/users\/2"}],"replies":[{"embeddable":true,"href":"https:\/\/ecmikepro.ca\/fr\/wp-json\/wp\/v2\/comments?post=3653"}],"version-history":[{"count":5,"href":"https:\/\/ecmikepro.ca\/fr\/wp-json\/wp\/v2\/pages\/3653\/revisions"}],"predecessor-version":[{"id":3705,"href":"https:\/\/ecmikepro.ca\/fr\/wp-json\/wp\/v2\/pages\/3653\/revisions\/3705"}],"wp:attachment":[{"href":"https:\/\/ecmikepro.ca\/fr\/wp-json\/wp\/v2\/media?parent=3653"}],"curies":[{"name":"wp","href":"https:\/\/api.w.org\/{rel}","templated":true}]}}